{"id":46,"date":"2019-06-30T21:19:42","date_gmt":"2019-07-01T01:19:42","guid":{"rendered":"https:\/\/sochifo.cl\/?page_id=46&#038;preview_id=46"},"modified":"2026-03-24T12:24:39","modified_gmt":"2026-03-24T16:24:39","slug":"listado-de-socios","status":"publish","type":"page","link":"https:\/\/sochifo.cl\/?page_id=46","title":{"rendered":"Listado de socias y socios"},"content":{"rendered":"<p><span style=\"font-weight: 400;\">La constituci\u00f3n de la SOCHIFO se efectu\u00f3 el d\u00eda 9 de junio del 2017 en la Municipalidad de Providencia y surge como iniciativa de un grupo de acad\u00e9micas y acad\u00e9micos de diferentes universidades, cuyo objetivo es el el fomento de la investigaci\u00f3n, tanto de car\u00e1cter te\u00f3rico como emp\u00edrico, que conduzca al progreso y divulgaci\u00f3n de la fonoaudiolog\u00eda, as\u00ed como de cualquier otra iniciativa tendiente al m\u00e1ximo aprovechamiento de esta disciplina en beneficio de la colectividad.<\/span><\/p>\n<p>Las socias y socios que actualmente componen la Sociedad Chilena de Fonoaudiolog\u00eda son:<\/p>\n<p style=\"text-align: center;\"><strong>Socios(as) activos(as)*<\/strong><\/p>\n<table width=\"306\">\n<tbody>\n<tr>\n<td width=\"131\">Alejandra<\/td>\n<td width=\"175\">Figueroa Leighton<\/td>\n<\/tr>\n<tr>\n<td>Andrea<\/td>\n<td>Helo Herrera<\/td>\n<\/tr>\n<tr>\n<td>Arturo Ignacio<\/td>\n<td>Flores Riquelne<\/td>\n<\/tr>\n<tr>\n<td>Bernardita<\/td>\n<td>Alvear Veas<\/td>\n<\/tr>\n<tr>\n<td>Camila Francisca<\/td>\n<td>Jaramillo L\u00f3pez<\/td>\n<\/tr>\n<tr>\n<td>Camilo<\/td>\n<td>Quezada Gaponov<\/td>\n<\/tr>\n<tr>\n<td>Carlos<\/td>\n<td>\u00c1lvarez Escobar<\/td>\n<\/tr>\n<tr>\n<td>Carmen Julia<\/td>\n<td>Coloma Tirapegui<\/td>\n<\/tr>\n<tr>\n<td>Claudia<\/td>\n<td>Arancibia Salvo<\/td>\n<\/tr>\n<tr>\n<td>Claudia<\/td>\n<td>Araya Castillo<\/td>\n<\/tr>\n<tr>\n<td>Claudia<\/td>\n<td>Cuevas Miranda<\/td>\n<\/tr>\n<tr>\n<td>Claudia<\/td>\n<td>Olivares Matus<\/td>\n<\/tr>\n<tr>\n<td>Daniel<\/td>\n<td>Larenas Rosa<\/td>\n<\/tr>\n<tr>\n<td>Daniela<\/td>\n<td>Gonz\u00e1lez Fern\u00e1ndez<\/td>\n<\/tr>\n<tr>\n<td>Daniela<\/td>\n<td>Rojas Contreras<\/td>\n<\/tr>\n<tr>\n<td>Daniela Paullete<\/td>\n<td>Iturra Osorio<\/td>\n<\/tr>\n<tr>\n<td>Eunice Fabiola<\/td>\n<td>Valenzuela Orrego<\/td>\n<\/tr>\n<tr>\n<td>Felipe<\/td>\n<td>Henr\u00edquez Valenzuela<\/td>\n<\/tr>\n<tr>\n<td>Felipe<\/td>\n<td>Rosales Lillo<\/td>\n<\/tr>\n<tr>\n<td>Felipe\u00a0<\/td>\n<td>Torres Morales<\/td>\n<\/tr>\n<tr>\n<td>Francesca<\/td>\n<td>Quiero Zepeda<\/td>\n<\/tr>\n<tr>\n<td>Francisca<\/td>\n<td>Pozo Tapia<\/td>\n<\/tr>\n<tr>\n<td>Giorgia<\/td>\n<td>Abd-El-Kader<\/td>\n<\/tr>\n<tr>\n<td>Hern\u00e1n<\/td>\n<td>Le\u00f3n Vald\u00e9s<\/td>\n<\/tr>\n<tr>\n<td>Hugo Alfonso<\/td>\n<td>Segura Pujol<\/td>\n<\/tr>\n<tr>\n<td>Inger<\/td>\n<td>V\u00e1squez Venegas<\/td>\n<\/tr>\n<tr>\n<td>Jaime<\/td>\n<td>Crisosto Alarc\u00f3n<\/td>\n<\/tr>\n<tr>\n<td>Javiera<\/td>\n<td>Vargas<\/td>\n<\/tr>\n<tr>\n<td>Jenan<\/td>\n<td>Mohammad Jim\u00e9nez<\/td>\n<\/tr>\n<tr>\n<td>Jos\u00e9<\/td>\n<td>Sazo \u00c1vila<\/td>\n<\/tr>\n<tr>\n<td>Josu\u00e9<\/td>\n<td>Pino Castillo<\/td>\n<\/tr>\n<tr>\n<td>Karim<\/td>\n<td>V\u00e1squez Fuentes<\/td>\n<\/tr>\n<tr>\n<td>Karlis<\/td>\n<td>Werner Contreras<\/td>\n<\/tr>\n<tr>\n<td>Katherine<\/td>\n<td>Mora Pino<\/td>\n<\/tr>\n<tr>\n<td>Leonardo<\/td>\n<td>Bustos Pantoja<\/td>\n<\/tr>\n<tr>\n<td>Lilian<\/td>\n<td>Toledo Rodr\u00edguez<\/td>\n<\/tr>\n<tr>\n<td>Loreto<\/td>\n<td>Nercelles Carvajal<\/td>\n<\/tr>\n<tr>\n<td>Marcela<\/td>\n<td>Vega Rivero<\/td>\n<\/tr>\n<tr>\n<td>Mar\u00eda Ang\u00e9lica<\/td>\n<td>Fern\u00e1ndez Gallardo<\/td>\n<\/tr>\n<tr>\n<td>Mar\u00eda Antonia<\/td>\n<td>Reyes<\/td>\n<\/tr>\n<tr>\n<td>Mar\u00eda Fernanda<\/td>\n<td>Salazar Toro<\/td>\n<\/tr>\n<tr>\n<td>Mar\u00eda Magdalena<\/td>\n<td>Mu\u00f1oz Montes<\/td>\n<\/tr>\n<tr>\n<td>Maximiliano<\/td>\n<td>Gaete Espina<\/td>\n<\/tr>\n<tr>\n<td>Milena<\/td>\n<td>\u00c1lvarez Andrade<\/td>\n<\/tr>\n<tr>\n<td>Nelson<\/td>\n<td>Mu\u00f1oz Lizana<\/td>\n<\/tr>\n<tr>\n<td>Pablo<\/td>\n<td>Rodr\u00edguez<\/td>\n<\/tr>\n<tr>\n<td>Patricia<\/td>\n<td>Oyarz\u00fan D\u00edaz<\/td>\n<\/tr>\n<tr>\n<td>Patricio Alonso<\/td>\n<td>Orellana Marambio<\/td>\n<\/tr>\n<tr>\n<td>Paulina<\/td>\n<td>Aravena Bravo<\/td>\n<\/tr>\n<tr>\n<td>Paulina<\/td>\n<td>Matus Rosas<\/td>\n<\/tr>\n<tr>\n<td>P\u00eda<\/td>\n<td>Villanueva<\/td>\n<\/tr>\n<tr>\n<td>Reinaldo Patricio<\/td>\n<td>Salazar Mart\u00ednez<\/td>\n<\/tr>\n<tr>\n<td>Sara<\/td>\n<td>Tapia Saavedra<\/td>\n<\/tr>\n<tr>\n<td>Sebasti\u00e1n<\/td>\n<td>Guajardo Cuenca<\/td>\n<\/tr>\n<tr>\n<td>Sebasti\u00e1n Andr\u00e9s<\/td>\n<td>Contreras Cubillos<\/td>\n<\/tr>\n<tr>\n<td>Silvanna<\/td>\n<td>Da\u00f1obeit\u00eda Larenas<\/td>\n<\/tr>\n<tr>\n<td>Sim\u00f3n<\/td>\n<td>San Mart\u00edn<\/td>\n<\/tr>\n<tr>\n<td>Soledad<\/td>\n<td>Parada Salazar<\/td>\n<\/tr>\n<tr>\n<td>Tamara<\/td>\n<td>Allende Valenzuela<\/td>\n<\/tr>\n<tr>\n<td>Ver\u00f3nica<\/td>\n<td>Vidal Velasco<\/td>\n<\/tr>\n<tr>\n<td>Virginia<\/td>\n<td>Varela Moraga<\/td>\n<\/tr>\n<tr>\n<td>Ximena<\/td>\n<td>Hormazabal Reed<\/td>\n<\/tr>\n<tr>\n<td>Yuri<\/td>\n<td>Vega Rodr\u00edguez<\/td>\n<\/tr>\n<tr>\n<td>Zulema<\/td>\n<td>De Barbieri Ortiz<\/td>\n<\/tr>\n<\/tbody>\n<\/table>\n<p style=\"text-align: center;\"><strong>Miembro Honorario<\/strong><\/p>\n<p>Mar\u00eda Mercedes\u00a0 Pavez Guzm\u00e1n<\/p>\n<p style=\"text-align: center;\"><strong>\u00a0 \u00a0 Socios(as) estudiantes*<\/strong><\/p>\n<table width=\"307\">\n<tbody>\n<tr>\n<td width=\"87\">Adri\u00e1n<\/td>\n<td width=\"220\">Castillo Allendes<\/td>\n<\/tr>\n<tr>\n<td>Ang\u00e9lica\u00a0<\/td>\n<td>Silva R\u00edos<\/td>\n<\/tr>\n<tr>\n<td>Catherine<\/td>\n<td>Villagra Saez<\/td>\n<\/tr>\n<tr>\n<td>Constanza<\/td>\n<td>Gut\u00ederrez Aguilera<\/td>\n<\/tr>\n<tr>\n<td>Consuelo\u00a0<\/td>\n<td>Sep\u00falveda Ibarra<\/td>\n<\/tr>\n<tr>\n<td>Dania\u00a0<\/td>\n<td>Saa Ulloa<\/td>\n<\/tr>\n<tr>\n<td>David<\/td>\n<td>Morales Zepeda<\/td>\n<\/tr>\n<tr>\n<td>Felipe<\/td>\n<td>Inostroza Allende<\/td>\n<\/tr>\n<tr>\n<td>Fernanda<\/td>\n<td>Ardiles Lobos<\/td>\n<\/tr>\n<tr>\n<td>Fernanda<\/td>\n<td>Figueroa Mart\u00ednez<\/td>\n<\/tr>\n<tr>\n<td>Francisco<\/td>\n<td>Contreras Ruston<\/td>\n<\/tr>\n<tr>\n<td>Gabriela<\/td>\n<td>Cabrera Miguieles<\/td>\n<\/tr>\n<tr>\n<td>Humberto<\/td>\n<td>Y\u00e9venes<\/td>\n<\/tr>\n<tr>\n<td>Humberto<\/td>\n<td>Astudillo<\/td>\n<\/tr>\n<tr>\n<td>Javier<\/td>\n<td>Hurtado<\/td>\n<\/tr>\n<tr>\n<td>Johana<\/td>\n<td>Garrido Escobar<\/td>\n<\/tr>\n<tr>\n<td>Jorge Alejandro<\/td>\n<td>Sep\u00falveda Contreras<\/td>\n<\/tr>\n<tr>\n<td>Mariela<\/td>\n<td>Parra Barraza<\/td>\n<\/tr>\n<tr>\n<td>Nicole<\/td>\n<td>Almeida Marcos<\/td>\n<\/tr>\n<tr>\n<td>Roc\u00edo<\/td>\n<td>Sep\u00falveda Escobar<\/td>\n<\/tr>\n<tr>\n<td>Rodrigo<\/td>\n<td>Tobar Fredes<\/td>\n<\/tr>\n<\/tbody>\n<\/table>\n<p>*Listado actualizado el 04 de marzo de 2026.<\/p>\n\n\n<p><\/p>\n","protected":false},"excerpt":{"rendered":"<p>La constituci\u00f3n de la SOCHIFO se efectu\u00f3 el d\u00eda 9 de junio del 2017 en la Municipalidad de Providencia y [&hellip;]<\/p>\n","protected":false},"author":1,"featured_media":0,"parent":0,"menu_order":0,"comment_status":"closed","ping_status":"closed","template":"","meta":{"site-sidebar-layout":"default","site-content-layout":"default","ast-site-content-layout":"default","site-content-style":"default","site-sidebar-style":"default","ast-global-header-display":"","ast-banner-title-visibility":"","ast-main-header-display":"","ast-hfb-above-header-display":"","ast-hfb-below-header-display":"","ast-hfb-mobile-header-display":"","site-post-title":"","ast-breadcrumbs-content":"","ast-featured-img":"","footer-sml-layout":"","theme-transparent-header-meta":"default","adv-header-id-meta":"","stick-header-meta":"","header-above-stick-meta":"","header-main-stick-meta":"","header-below-stick-meta":"","astra-migrate-meta-layouts":"set","ast-page-background-enabled":"default","ast-page-background-meta":{"desktop":{"background-color":"var(--ast-global-color-4)","background-image":"","background-repeat":"repeat","background-position":"center center","background-size":"auto","background-attachment":"scroll","background-type":"","background-media":"","overlay-type":"","overlay-color":"","overlay-opacity":"","overlay-gradient":""},"tablet":{"background-color":"","background-image":"","background-repeat":"repeat","background-position":"center center","background-size":"auto","background-attachment":"scroll","background-type":"","background-media":"","overlay-type":"","overlay-color":"","overlay-opacity":"","overlay-gradient":""},"mobile":{"background-color":"","background-image":"","background-repeat":"repeat","background-position":"center center","background-size":"auto","background-attachment":"scroll","background-type":"","background-media":"","overlay-type":"","overlay-color":"","overlay-opacity":"","overlay-gradient":""}},"ast-content-background-meta":{"desktop":{"background-color":"var(--ast-global-color-5)","background-image":"","background-repeat":"repeat","background-position":"center center","background-size":"auto","background-attachment":"scroll","background-type":"","background-media":"","overlay-type":"","overlay-color":"","overlay-opacity":"","overlay-gradient":""},"tablet":{"background-color":"var(--ast-global-color-5)","background-image":"","background-repeat":"repeat","background-position":"center center","background-size":"auto","background-attachment":"scroll","background-type":"","background-media":"","overlay-type":"","overlay-color":"","overlay-opacity":"","overlay-gradient":""},"mobile":{"background-color":"var(--ast-global-color-5)","background-image":"","background-repeat":"repeat","background-position":"center center","background-size":"auto","background-attachment":"scroll","background-type":"","background-media":"","overlay-type":"","overlay-color":"","overlay-opacity":"","overlay-gradient":""}},"footnotes":""},"class_list":["post-46","page","type-page","status-publish","hentry"],"_links":{"self":[{"href":"https:\/\/sochifo.cl\/index.php?rest_route=\/wp\/v2\/pages\/46","targetHints":{"allow":["GET"]}}],"collection":[{"href":"https:\/\/sochifo.cl\/index.php?rest_route=\/wp\/v2\/pages"}],"about":[{"href":"https:\/\/sochifo.cl\/index.php?rest_route=\/wp\/v2\/types\/page"}],"author":[{"embeddable":true,"href":"https:\/\/sochifo.cl\/index.php?rest_route=\/wp\/v2\/users\/1"}],"replies":[{"embeddable":true,"href":"https:\/\/sochifo.cl\/index.php?rest_route=%2Fwp%2Fv2%2Fcomments&post=46"}],"version-history":[{"count":48,"href":"https:\/\/sochifo.cl\/index.php?rest_route=\/wp\/v2\/pages\/46\/revisions"}],"predecessor-version":[{"id":951,"href":"https:\/\/sochifo.cl\/index.php?rest_route=\/wp\/v2\/pages\/46\/revisions\/951"}],"wp:attachment":[{"href":"https:\/\/sochifo.cl\/index.php?rest_route=%2Fwp%2Fv2%2Fmedia&parent=46"}],"curies":[{"name":"wp","href":"https:\/\/api.w.org\/{rel}","templated":true}]}}